{"id":1207,"date":"2016-05-10T03:48:21","date_gmt":"2016-05-10T03:48:21","guid":{"rendered":"https:\/\/hugounenq.com\/wordpress\/?page_id=2"},"modified":"2025-01-30T16:02:04","modified_gmt":"2025-01-30T15:02:04","slug":"sample-page","status":"publish","type":"page","link":"https:\/\/www.campinglespeupliers.net\/","title":{"rendered":""},"content":{"rendered":"\n<figure class=\"wp-block-image size-large\"><img loading=\"lazy\" decoding=\"async\" width=\"1024\" height=\"696\" src=\"http:\/\/www.campinglespeupliers.net\/wp-content\/uploads\/2024\/12\/camping-1024x696.jpg\" alt=\"\" class=\"wp-image-6278\" srcset=\"https:\/\/www.campinglespeupliers.net\/wp-content\/uploads\/2024\/12\/camping-1024x696.jpg 1024w, https:\/\/www.campinglespeupliers.net\/wp-content\/uploads\/2024\/12\/camping-300x204.jpg 300w, https:\/\/www.campinglespeupliers.net\/wp-content\/uploads\/2024\/12\/camping-768x522.jpg 768w, https:\/\/www.campinglespeupliers.net\/wp-content\/uploads\/2024\/12\/camping-1536x1044.jpg 1536w, https:\/\/www.campinglespeupliers.net\/wp-content\/uploads\/2024\/12\/camping-2048x1392.jpg 2048w\" sizes=\"auto, (max-width: 1024px) 100vw, 1024px\" \/><\/figure>\n\n\n<p><strong><em>Le Camping Les Peupliers <\/em><\/strong><strong><em>est situ\u00e9 dans le sud de la France, en Occitanie, dans\u00a0 le d\u00e9partement de l&rsquo;H\u00e9rault, entre Clermont l&rsquo;H\u00e9rault et Lod\u00e8ve, \u00e0 2 km du Lac du Salagou. Le camping compte 54 emplacements d&rsquo;une superficie moyenne chacun de 100 m2, dont plusieurs en r\u00e9sidentiels. Il vous accueille dans un cadre reposant avec sa piscine et son ambiance familiale.<\/em><\/strong><\/p>\n<h5 style=\"text-align: center;\"><em>Notre pays C\u0153ur\u00a0d&rsquo;H\u00e9rault offre une diversit\u00e9 de paysages, \u00e0 mi-chemin entre les plages de la M\u00e9diterran\u00e9e et le plateau du Larzac.\u00a0<\/em><em style=\"font-weight: bold;\">Il regorge de sites d&rsquo;exception : les cirques de Mour\u00e8ze et de Navacelles, le village m\u00e9di\u00e9val de St Guilhem Le D\u00e9sert, dominant les gorges de l&rsquo;H\u00e9rault&#8230; (voir la rubrique : R\u00e9gion)<\/em><\/h5>\n<h5 style=\"text-align: center;\">Une \u00e9quipe dynamique \u00e0 votre \u00e9coute et \u00e0 votre service tout au long de votre s\u00e9jour.\u00a0<em>Toute l&rsquo;\u00e9quipe du camping\u00a0Les Peupliers est \u00e0 votre disposition et fait le maximum pour vous permettre de passer d&rsquo;agr\u00e9ables\u00a0vacances dans une ambiance familiale et sympathique.<\/em><\/h5>\n<h6 style=\"text-align: center;\">Camping familial<\/h6>\n<h6 style=\"text-align: center;\">A 3 km du Lac du Salagou &#8211; Lod\u00e8ve &#8211; Le Bosc &#8211; 34700<\/h6>\n<p><img loading=\"lazy\" decoding=\"async\" class=\"aligncenter wp-image-1157\" src=\"http:\/\/campinglespeupliers.net\/wp-content\/uploads\/2018\/10\/salagou.jpg\" alt=\"\" width=\"850\" height=\"276\" srcset=\"https:\/\/www.campinglespeupliers.net\/wp-content\/uploads\/2018\/10\/salagou.jpg 5221w, https:\/\/www.campinglespeupliers.net\/wp-content\/uploads\/2018\/10\/salagou-300x97.jpg 300w, https:\/\/www.campinglespeupliers.net\/wp-content\/uploads\/2018\/10\/salagou-768x249.jpg 768w, https:\/\/www.campinglespeupliers.net\/wp-content\/uploads\/2018\/10\/salagou-1024x332.jpg 1024w\" sizes=\"auto, (max-width: 850px) 100vw, 850px\" \/><\/p>\n<p align=\"center\">\u00a0<\/p>\n\n\n<p><\/p>\n\n\n\n<h2 class=\"wp-block-heading\"><\/h2>\n","protected":false},"excerpt":{"rendered":"<p>Le Camping Les Peupliers est situ\u00e9 dans le sud de la France, en Occitanie, dans\u00a0 le d\u00e9partement de l&rsquo;H\u00e9rault, entre Clermont l&rsquo;H\u00e9rault et Lod\u00e8ve, \u00e0 2 km du Lac du Salagou. Le camping compte 54 emplacements d&rsquo;une superficie moyenne chacun de 100 m2, dont plusieurs en r\u00e9sidentiels. Il vous accueille dans un cadre reposant avec [&hellip;]<\/p>\n","protected":false},"author":1,"featured_media":0,"parent":0,"menu_order":0,"comment_status":"closed","ping_status":"open","template":"","meta":{"footnotes":""},"class_list":["post-1207","page","type-page","status-publish","hentry"],"_links":{"self":[{"href":"https:\/\/www.campinglespeupliers.net\/index.php\/wp-json\/wp\/v2\/pages\/1207","targetHints":{"allow":["GET"]}}],"collection":[{"href":"https:\/\/www.campinglespeupliers.net\/index.php\/wp-json\/wp\/v2\/pages"}],"about":[{"href":"https:\/\/www.campinglespeupliers.net\/index.php\/wp-json\/wp\/v2\/types\/page"}],"author":[{"embeddable":true,"href":"https:\/\/www.campinglespeupliers.net\/index.php\/wp-json\/wp\/v2\/users\/1"}],"replies":[{"embeddable":true,"href":"https:\/\/www.campinglespeupliers.net\/index.php\/wp-json\/wp\/v2\/comments?post=1207"}],"version-history":[{"count":139,"href":"https:\/\/www.campinglespeupliers.net\/index.php\/wp-json\/wp\/v2\/pages\/1207\/revisions"}],"predecessor-version":[{"id":6289,"href":"https:\/\/www.campinglespeupliers.net\/index.php\/wp-json\/wp\/v2\/pages\/1207\/revisions\/6289"}],"wp:attachment":[{"href":"https:\/\/www.campinglespeupliers.net\/index.php\/wp-json\/wp\/v2\/media?parent=1207"}],"curies":[{"name":"wp","href":"https:\/\/api.w.org\/{rel}","templated":true}]}}