{"id":1208,"date":"2018-09-14T11:22:46","date_gmt":"2018-09-14T11:22:46","guid":{"rendered":"https:\/\/hugounenq.com\/wordpress\/?page_id=10"},"modified":"2020-05-26T14:44:59","modified_gmt":"2020-05-26T12:44:59","slug":"acces","status":"publish","type":"page","link":"https:\/\/www.campinglespeupliers.net\/index.php\/acces\/","title":{"rendered":"Comment venir ?"},"content":{"rendered":"<p style=\"text-align: center;\"><iframe loading=\"lazy\" style=\"border: 0;\" src=\"https:\/\/www.google.com\/maps\/embed?pb=!1m14!1m12!1m3!1d34089.65086433358!2d3.373693606911438!3d43.677740836789916!2m3!1f0!2f0!3f0!3m2!1i1024!2i768!4f13.1!5e0!3m2!1sfr!2sfr!4v1536926677586\" allowfullscreen=\"allowfullscreen\" width=\"600\" height=\"450\" frameborder=\"0\"><\/iframe><\/p>\n<h1 style=\"text-align: center;\"><span style=\"color: #0000ff;\"><strong>Autoroute A75<\/strong><\/span><\/h1>\n<h1 style=\"text-align: center;\"><span style=\"color: #0000ff;\">Sortie 54<\/span><\/h1>\n<p style=\"text-align: center;\"><img loading=\"lazy\" decoding=\"async\" class=\"alignnone wp-image-242\" src=\"http:\/\/campinglespeupliers.net\/wp-content\/uploads\/2018\/09\/a75.jpg\" alt=\"\" width=\"205\" height=\"139\"><\/p>\n<p>&nbsp;<\/p>\n<h5 style=\"text-align: center;\">Venant de Millau (A75) ou de&nbsp; Montpellier (A9 &#8211; A750)&nbsp; ou de Beziers (A9)<\/h5>\n<p style=\"text-align: center;\">Lorsque vous \u00eates sur l&rsquo;A75 prendre la sortie 54 &#8211; Suivre Saint Jean de la Blaqui\u00e8re &#8211; Le Bosc &#8211; Vous trouverez le Camping sur votre droite.<\/p>\n<p>&nbsp;<\/p>\n<h1 style=\"text-align: center;\"><strong>Coordonn\u00e9es GPS<\/strong><\/h1>\n<p style=\"text-align: center;\"><img loading=\"lazy\" decoding=\"async\" class=\"alignnone wp-image-241\" src=\"http:\/\/campinglespeupliers.net\/wp-content\/uploads\/2018\/09\/gps.jpg\" alt=\"\" width=\"110\" height=\"118\"><\/p>\n<h1 style=\"text-align: center;\"><span style=\"color: #ff0000;\">43.692002 Nord&nbsp; &nbsp; &nbsp;3.350701 Est<\/span><\/h1>\n<p>&nbsp;<\/p>\n<p>&nbsp;<\/p>\n<p>&nbsp;<\/p>\n<p>&nbsp;<\/p>\n<p>&nbsp;<\/p>\n<p>&nbsp;<\/p>\n<h1 style=\"text-align: center;\"><strong>Adresse postale du Camping<\/strong><\/h1>\n<p style=\"text-align: center;\"><img loading=\"lazy\" decoding=\"async\" class=\"alignnone wp-image-240\" src=\"http:\/\/campinglespeupliers.net\/wp-content\/uploads\/2018\/09\/boite_lettre.jpg\" alt=\"\" width=\"75\" height=\"111\"><\/p>\n<p style=\"text-align: center;\"><strong>Camping Les Peupliers<\/strong><\/p>\n<p style=\"text-align: center;\"><strong>Cartels du Bosc<\/strong><\/p>\n<p style=\"text-align: center;\"><strong>34700 LE BOSC<\/strong><\/p>\n\n","protected":false},"excerpt":{"rendered":"<p>Autoroute A75 Sortie 54 &nbsp; Venant de Millau (A75) ou de&nbsp; Montpellier (A9 &#8211; A750)&nbsp; ou de Beziers (A9) Lorsque vous \u00eates sur l&rsquo;A75 prendre la sortie 54 &#8211; Suivre Saint Jean de la Blaqui\u00e8re &#8211; Le Bosc &#8211; Vous trouverez le Camping sur votre droite. &nbsp; Coordonn\u00e9es GPS 43.692002 Nord&nbsp; &nbsp; &nbsp;3.350701 Est &nbsp; [&hellip;]<\/p>\n","protected":false},"author":1,"featured_media":0,"parent":0,"menu_order":0,"comment_status":"closed","ping_status":"open","template":"","meta":{"footnotes":""},"class_list":["post-1208","page","type-page","status-publish","hentry"],"_links":{"self":[{"href":"https:\/\/www.campinglespeupliers.net\/index.php\/wp-json\/wp\/v2\/pages\/1208","targetHints":{"allow":["GET"]}}],"collection":[{"href":"https:\/\/www.campinglespeupliers.net\/index.php\/wp-json\/wp\/v2\/pages"}],"about":[{"href":"https:\/\/www.campinglespeupliers.net\/index.php\/wp-json\/wp\/v2\/types\/page"}],"author":[{"embeddable":true,"href":"https:\/\/www.campinglespeupliers.net\/index.php\/wp-json\/wp\/v2\/users\/1"}],"replies":[{"embeddable":true,"href":"https:\/\/www.campinglespeupliers.net\/index.php\/wp-json\/wp\/v2\/comments?post=1208"}],"version-history":[{"count":2,"href":"https:\/\/www.campinglespeupliers.net\/index.php\/wp-json\/wp\/v2\/pages\/1208\/revisions"}],"predecessor-version":[{"id":2710,"href":"https:\/\/www.campinglespeupliers.net\/index.php\/wp-json\/wp\/v2\/pages\/1208\/revisions\/2710"}],"wp:attachment":[{"href":"https:\/\/www.campinglespeupliers.net\/index.php\/wp-json\/wp\/v2\/media?parent=1208"}],"curies":[{"name":"wp","href":"https:\/\/api.w.org\/{rel}","templated":true}]}}