{"id":1210,"date":"2018-09-14T11:24:35","date_gmt":"2018-09-14T11:24:35","guid":{"rendered":"https:\/\/hugounenq.com\/wordpress\/?page_id=15"},"modified":"2020-05-28T10:44:18","modified_gmt":"2020-05-28T08:44:18","slug":"les-mobil-homes","status":"publish","type":"page","link":"https:\/\/www.campinglespeupliers.net\/index.php\/les-mobil-homes\/","title":{"rendered":"Les mobil-homes"},"content":{"rendered":"\n<div class=\"wp-block-button aligncenter\"><a class=\"wp-block-button__link has-background has-vivid-cyan-blue-background-color\" href=\"http:\/\/www.campinglespeupliers.net\/index.php\/tarifs-mobil-home\/\">Les tarifs<\/a><\/div>\n\n\n<h1 style=\"text-align: center;\">&nbsp;<\/h1>\n<p style=\"text-align: center;\"><a href=\"http:\/\/www.campinglespeupliers.net\/index.php\/vente-de-mobil-home\/\"><span style=\"color: #0000ff;\">Plus d&rsquo;infos sur la vente de mobil-homes en cliquant sur ce lien !<\/span><\/a><\/p>\n<p style=\"text-align: center;\"><img loading=\"lazy\" decoding=\"async\" class=\"aligncenter size-medium wp-image-2429\" src=\"http:\/\/www.campinglespeupliers.net\/wp-content\/uploads\/2020\/05\/IMG_05491-225x300.jpg\" alt=\"\" width=\"225\" height=\"300\" srcset=\"https:\/\/www.campinglespeupliers.net\/wp-content\/uploads\/2020\/05\/IMG_05491-225x300.jpg 225w, https:\/\/www.campinglespeupliers.net\/wp-content\/uploads\/2020\/05\/IMG_05491-768x1024.jpg 768w, https:\/\/www.campinglespeupliers.net\/wp-content\/uploads\/2020\/05\/IMG_05491.jpg 960w\" sizes=\"auto, (max-width: 225px) 100vw, 225px\" \/><\/p>\n<p style=\"text-align: center;\"><img loading=\"lazy\" decoding=\"async\" class=\"aligncenter wp-image-1143\" src=\"http:\/\/campinglespeupliers.net\/wp-content\/uploads\/2018\/10\/20180921_095059.jpg\" alt=\"\" width=\"687\" height=\"386\" srcset=\"https:\/\/www.campinglespeupliers.net\/wp-content\/uploads\/2018\/10\/20180921_095059.jpg 5312w, https:\/\/www.campinglespeupliers.net\/wp-content\/uploads\/2018\/10\/20180921_095059-300x169.jpg 300w, https:\/\/www.campinglespeupliers.net\/wp-content\/uploads\/2018\/10\/20180921_095059-768x432.jpg 768w, https:\/\/www.campinglespeupliers.net\/wp-content\/uploads\/2018\/10\/20180921_095059-1024x576.jpg 1024w\" sizes=\"auto, (max-width: 687px) 100vw, 687px\" \/><\/p>\n<p style=\"text-align: center;\"><img loading=\"lazy\" decoding=\"async\" class=\"alignnone wp-image-429\" src=\"http:\/\/campinglespeupliers.net\/wp-content\/uploads\/2018\/09\/mobilhome-300x200.jpg\" alt=\"\" width=\"260\" height=\"173\" srcset=\"https:\/\/www.campinglespeupliers.net\/wp-content\/uploads\/2018\/09\/mobilhome-300x200.jpg 300w, https:\/\/www.campinglespeupliers.net\/wp-content\/uploads\/2018\/09\/mobilhome.jpg 600w\" sizes=\"auto, (max-width: 260px) 100vw, 260px\" \/><img loading=\"lazy\" decoding=\"async\" class=\"alignnone wp-image-434\" src=\"http:\/\/campinglespeupliers.net\/wp-content\/uploads\/2018\/09\/244_medium.jpg\" alt=\"\" width=\"232\" height=\"174\"> <img loading=\"lazy\" decoding=\"async\" class=\"alignnone wp-image-435\" src=\"http:\/\/campinglespeupliers.net\/wp-content\/uploads\/2018\/09\/248_medium.jpg\" alt=\"\" width=\"233\" height=\"175\"><\/p>\n<p style=\"text-align: center;\"><img loading=\"lazy\" decoding=\"async\" class=\"alignnone wp-image-436\" src=\"http:\/\/campinglespeupliers.net\/wp-content\/uploads\/2018\/09\/249_medium.jpg\" alt=\"\" width=\"235\" height=\"176\"> <img loading=\"lazy\" decoding=\"async\" class=\"alignnone wp-image-437\" src=\"http:\/\/campinglespeupliers.net\/wp-content\/uploads\/2018\/09\/250_medium.jpg\" alt=\"\" width=\"234\" height=\"175\"> &nbsp;&nbsp;<img loading=\"lazy\" decoding=\"async\" class=\"alignnone wp-image-442\" src=\"http:\/\/campinglespeupliers.net\/wp-content\/uploads\/2018\/09\/plan_mobil_home_23_medium.jpg\" alt=\"\" width=\"311\" height=\"174\"><\/p>\n<div class=\"texte\">\n<h2 style=\"text-align: center;\">Id\u00e9al pour un&nbsp;s\u00e9jour&nbsp;en famille ou entre amis !<\/h2>\n<h2 style=\"text-align: center;\">Louez un&nbsp;mobil-home<\/h2>\n<h2 style=\"text-align: center;\">enti\u00e8rement \u00e9quip\u00e9 pour vos&nbsp;vacances.<\/h2>\n<h2><img loading=\"lazy\" decoding=\"async\" class=\"aligncenter size-medium wp-image-2441\" src=\"http:\/\/www.campinglespeupliers.net\/wp-content\/uploads\/2020\/05\/IMG_05571-225x300.jpg\" alt=\"\" width=\"225\" height=\"300\" srcset=\"https:\/\/www.campinglespeupliers.net\/wp-content\/uploads\/2020\/05\/IMG_05571-225x300.jpg 225w, https:\/\/www.campinglespeupliers.net\/wp-content\/uploads\/2020\/05\/IMG_05571-768x1024.jpg 768w, https:\/\/www.campinglespeupliers.net\/wp-content\/uploads\/2020\/05\/IMG_05571.jpg 960w\" sizes=\"auto, (max-width: 225px) 100vw, 225px\" \/><\/h2>\n<div>&nbsp;<\/div>\n<\/div>\n<ul>\n<li style=\"list-style-type: none;\">\n<ul>\n<li class=\"texte\">1 chambre avec 1 lit double<\/li>\n<\/ul>\n<\/li>\n<\/ul>\n<ul>\n<li style=\"list-style-type: none;\">\n<ul>\n<li class=\"texte\">1 chambre avec 2 lits simples<\/li>\n<li>Capacit\u00e9 d\u2019accueil : 1 \u00e0 5 personnes<\/li>\n<\/ul>\n<\/li>\n<\/ul>\n<ul>\n<li style=\"list-style-type: none;\">\n<ul>\n<li class=\"texte\">1 coin cuisine\/s\u00e9jour&nbsp;(r\u00e9frig\u00e9rateur, plaque de cuisson, micro ondes, cafeti\u00e8re \u00e9lectrique,&nbsp;&nbsp;vaisselle)<\/li>\n<\/ul>\n<\/li>\n<\/ul>\n<ul>\n<li style=\"list-style-type: none;\">\n<ul>\n<li class=\"texte\">1 salle de bain avec douche<\/li>\n<\/ul>\n<\/li>\n<\/ul>\n<ul>\n<li style=\"list-style-type: none;\">\n<ul>\n<li class=\"texte\">Les W.C. sont s\u00e9par\u00e9s<\/li>\n<\/ul>\n<\/li>\n<\/ul>\n<ul>\n<li style=\"list-style-type: none;\">\n<ul>\n<li class=\"texte\">Chaque mobil-home est \u00e9quip\u00e9e d&rsquo;un salon de jardin et d&rsquo;un parasol.<\/li>\n<\/ul>\n<\/li>\n<\/ul>\n<ul>\n<li class=\"texte\">Linge de maison et couverture non fournis<\/li>\n<\/ul>\n\n","protected":false},"excerpt":{"rendered":"<p>&nbsp; Plus d&rsquo;infos sur la vente de mobil-homes en cliquant sur ce lien ! &nbsp;&nbsp; Id\u00e9al pour un&nbsp;s\u00e9jour&nbsp;en famille ou entre amis ! Louez un&nbsp;mobil-home enti\u00e8rement \u00e9quip\u00e9 pour vos&nbsp;vacances. &nbsp; 1 chambre avec 1 lit double 1 chambre avec 2 lits simples Capacit\u00e9 d\u2019accueil : 1 \u00e0 5 personnes 1 coin cuisine\/s\u00e9jour&nbsp;(r\u00e9frig\u00e9rateur, plaque de cuisson, [&hellip;]<\/p>\n","protected":false},"author":1,"featured_media":0,"parent":0,"menu_order":0,"comment_status":"closed","ping_status":"open","template":"","meta":{"footnotes":""},"class_list":["post-1210","page","type-page","status-publish","hentry"],"_links":{"self":[{"href":"https:\/\/www.campinglespeupliers.net\/index.php\/wp-json\/wp\/v2\/pages\/1210","targetHints":{"allow":["GET"]}}],"collection":[{"href":"https:\/\/www.campinglespeupliers.net\/index.php\/wp-json\/wp\/v2\/pages"}],"about":[{"href":"https:\/\/www.campinglespeupliers.net\/index.php\/wp-json\/wp\/v2\/types\/page"}],"author":[{"embeddable":true,"href":"https:\/\/www.campinglespeupliers.net\/index.php\/wp-json\/wp\/v2\/users\/1"}],"replies":[{"embeddable":true,"href":"https:\/\/www.campinglespeupliers.net\/index.php\/wp-json\/wp\/v2\/comments?post=1210"}],"version-history":[{"count":8,"href":"https:\/\/www.campinglespeupliers.net\/index.php\/wp-json\/wp\/v2\/pages\/1210\/revisions"}],"predecessor-version":[{"id":2725,"href":"https:\/\/www.campinglespeupliers.net\/index.php\/wp-json\/wp\/v2\/pages\/1210\/revisions\/2725"}],"wp:attachment":[{"href":"https:\/\/www.campinglespeupliers.net\/index.php\/wp-json\/wp\/v2\/media?parent=1210"}],"curies":[{"name":"wp","href":"https:\/\/api.w.org\/{rel}","templated":true}]}}