{"id":1967,"date":"2019-05-10T17:58:51","date_gmt":"2019-05-10T15:58:51","guid":{"rendered":"http:\/\/www.campinglespeupliers.net\/?page_id=1967"},"modified":"2025-01-30T17:36:56","modified_gmt":"2025-01-30T16:36:56","slug":"vente-de-mobil-home","status":"publish","type":"page","link":"https:\/\/www.campinglespeupliers.net\/index.php\/vente-de-mobil-home\/","title":{"rendered":"Promo sur la vente de mobil-homes"},"content":{"rendered":"\n<p class=\"has-text-align-center\">Nous proposons ponctuellement des mobil-homes \u00e0 la vente. <\/p>\n\n\n\n<p class=\"has-text-align-center has-vivid-red-background-color has-background has-large-font-size\"><strong>Devenez propri\u00e9taire !<\/strong><\/p>\n\n\n\n<p class=\"has-text-align-center\">Il s&rsquo;agit de  mobil-homes  d\u00e9j\u00e0 install\u00e9s sur une parcelle ombrag\u00e9e d&rsquo;environ 100 m\u00b2. Les branchements sont faits. Ces h\u00e9bergements sont imm\u00e9diatement op\u00e9rationnels. <\/p>\n\n\n\n<p class=\"has-text-align-center\">Le camping est ouvert toute l&rsquo;ann\u00e9e !<\/p>\n\n\n\n<p class=\"has-text-align-center\">Contactez nous au <strong>0687800865 ou 0467443808<\/strong><\/p>\n\n\n\n<figure class=\"wp-block-gallery aligncenter has-nested-images columns-default wp-block-gallery-1 is-layout-flex wp-block-gallery-is-layout-flex\">\n<figure class=\"wp-block-image size-large\"><img loading=\"lazy\" decoding=\"async\" width=\"768\" height=\"1024\" data-id=\"2446\" src=\"https:\/\/www.campinglespeupliers.net\/wp-content\/uploads\/2020\/05\/IMG_05571-2-768x1024.jpg\" alt=\"\" class=\"wp-image-2446\" srcset=\"https:\/\/www.campinglespeupliers.net\/wp-content\/uploads\/2020\/05\/IMG_05571-2-768x1024.jpg 768w, https:\/\/www.campinglespeupliers.net\/wp-content\/uploads\/2020\/05\/IMG_05571-2-225x300.jpg 225w, https:\/\/www.campinglespeupliers.net\/wp-content\/uploads\/2020\/05\/IMG_05571-2.jpg 960w\" sizes=\"auto, (max-width: 768px) 100vw, 768px\" \/><\/figure>\n<\/figure>\n\n\n<p>Vous souhaitez conna\u00eetre les tarifs et les conditions : Contactez le secr\u00e9tariat du camping au 04-67-44-38-08 ou directement le g\u00e9rant au 06.87.80.08.65<\/p>\n<p><img loading=\"lazy\" decoding=\"async\" class=\"size-large wp-image-2429 alignnone\" src=\"http:\/\/www.campinglespeupliers.net\/wp-content\/uploads\/2020\/05\/IMG_05491-768x1024.jpg\" alt=\"\" width=\"768\" height=\"1024\" srcset=\"https:\/\/www.campinglespeupliers.net\/wp-content\/uploads\/2020\/05\/IMG_05491-768x1024.jpg 768w, https:\/\/www.campinglespeupliers.net\/wp-content\/uploads\/2020\/05\/IMG_05491-225x300.jpg 225w, https:\/\/www.campinglespeupliers.net\/wp-content\/uploads\/2020\/05\/IMG_05491.jpg 960w\" sizes=\"auto, (max-width: 768px) 100vw, 768px\" \/><\/p>\n<center><img decoding=\"async\" src=\"P:\/4 - Mes travaux &amp; Projets\/Travaux en cours\/MM - Exterieur \/20200505_180152.jpg\" alt=\"\" \/><\/center>\n\n","protected":false},"excerpt":{"rendered":"<p>Nous proposons ponctuellement des mobil-homes \u00e0 la vente. Devenez propri\u00e9taire ! Il s&rsquo;agit de mobil-homes d\u00e9j\u00e0 install\u00e9s sur une parcelle ombrag\u00e9e d&rsquo;environ 100 m\u00b2. Les branchements sont faits. Ces h\u00e9bergements sont imm\u00e9diatement op\u00e9rationnels. Le camping est ouvert toute l&rsquo;ann\u00e9e ! Contactez nous au 0687800865 ou 0467443808 Vous souhaitez conna\u00eetre les tarifs et les conditions : [&hellip;]<\/p>\n","protected":false},"author":1,"featured_media":0,"parent":0,"menu_order":0,"comment_status":"closed","ping_status":"closed","template":"","meta":{"footnotes":""},"class_list":["post-1967","page","type-page","status-publish","hentry"],"_links":{"self":[{"href":"https:\/\/www.campinglespeupliers.net\/index.php\/wp-json\/wp\/v2\/pages\/1967","targetHints":{"allow":["GET"]}}],"collection":[{"href":"https:\/\/www.campinglespeupliers.net\/index.php\/wp-json\/wp\/v2\/pages"}],"about":[{"href":"https:\/\/www.campinglespeupliers.net\/index.php\/wp-json\/wp\/v2\/types\/page"}],"author":[{"embeddable":true,"href":"https:\/\/www.campinglespeupliers.net\/index.php\/wp-json\/wp\/v2\/users\/1"}],"replies":[{"embeddable":true,"href":"https:\/\/www.campinglespeupliers.net\/index.php\/wp-json\/wp\/v2\/comments?post=1967"}],"version-history":[{"count":32,"href":"https:\/\/www.campinglespeupliers.net\/index.php\/wp-json\/wp\/v2\/pages\/1967\/revisions"}],"predecessor-version":[{"id":6318,"href":"https:\/\/www.campinglespeupliers.net\/index.php\/wp-json\/wp\/v2\/pages\/1967\/revisions\/6318"}],"wp:attachment":[{"href":"https:\/\/www.campinglespeupliers.net\/index.php\/wp-json\/wp\/v2\/media?parent=1967"}],"curies":[{"name":"wp","href":"https:\/\/api.w.org\/{rel}","templated":true}]}}