{"id":2933,"date":"2020-06-06T15:05:49","date_gmt":"2020-06-06T13:05:49","guid":{"rendered":"http:\/\/www.campinglespeupliers.net\/?page_id=2933"},"modified":"2021-07-08T17:20:27","modified_gmt":"2021-07-08T15:20:27","slug":"les-blocs-sanitaires","status":"publish","type":"page","link":"https:\/\/www.campinglespeupliers.net\/index.php\/les-blocs-sanitaires\/","title":{"rendered":"Les blocs sanitaires"},"content":{"rendered":"\n<div class=\"wp-block-themeisle-blocks-advanced-columns has-undefined-columns has-desktop-undefined-layout has-tablet-equal-layout has-mobile-equal-layout has-default-gap has-vertical-unset\" id=\"wp-block-themeisle-blocks-advanced-columns-57b9beed\"><div class=\"wp-block-themeisle-blocks-advanced-columns-overlay\"><\/div><div class=\"innerblocks-wrap\"><\/div><\/div>\n\n\n<p style=\"text-align: center;\">Deux blocs sanitaires sont \u00e0 la disposition de la client\u00e8le.<\/p>\n<p style=\"text-align: center;\">Le bloc sanitaire N\u00b01 est adapt\u00e9 pour les personnes \u00e0 mobilit\u00e9 r\u00e9duite.<\/p>\n<p><img loading=\"lazy\" decoding=\"async\" class=\"aligncenter size-full wp-image-2932\" src=\"http:\/\/www.campinglespeupliers.net\/wp-content\/uploads\/2020\/06\/bloc_1_interieur.jpeg\" alt=\"Int\u00e9rieur bloc sanitaire N\u00b01\" width=\"1003\" height=\"669\" srcset=\"https:\/\/www.campinglespeupliers.net\/wp-content\/uploads\/2020\/06\/bloc_1_interieur.jpeg 1003w, https:\/\/www.campinglespeupliers.net\/wp-content\/uploads\/2020\/06\/bloc_1_interieur-300x200.jpeg 300w, https:\/\/www.campinglespeupliers.net\/wp-content\/uploads\/2020\/06\/bloc_1_interieur-768x512.jpeg 768w\" sizes=\"auto, (max-width: 1003px) 100vw, 1003px\" \/><\/p>\n<p><img loading=\"lazy\" decoding=\"async\" class=\"aligncenter size-full wp-image-2764\" src=\"http:\/\/www.campinglespeupliers.net\/wp-content\/uploads\/2020\/05\/bac_vaisselle.jpg\" alt=\"\" width=\"1003\" height=\"669\" srcset=\"https:\/\/www.campinglespeupliers.net\/wp-content\/uploads\/2020\/05\/bac_vaisselle.jpg 1003w, https:\/\/www.campinglespeupliers.net\/wp-content\/uploads\/2020\/05\/bac_vaisselle-300x200.jpg 300w, https:\/\/www.campinglespeupliers.net\/wp-content\/uploads\/2020\/05\/bac_vaisselle-768x512.jpg 768w\" sizes=\"auto, (max-width: 1003px) 100vw, 1003px\" \/><\/p>\n<p style=\"text-align: center;\">Bloc sanitaire N\u00b0 2<\/p>\n<p style=\"text-align: center;\">\n<\/p><p style=\"text-align: center;\"><a href=\"http:\/\/www.campinglespeupliers.net\/index.php\/lave-linge\/\">Un lave-linge \u00e0 jeton dans au bloc sanitaire N\u00b01<\/a><\/p>\n<p><img loading=\"lazy\" decoding=\"async\" class=\"aligncenter size-full wp-image-2786\" src=\"http:\/\/www.campinglespeupliers.net\/wp-content\/uploads\/2020\/05\/PART_1590598892270.jpg\" alt=\"\" width=\"416\" height=\"555\" srcset=\"https:\/\/www.campinglespeupliers.net\/wp-content\/uploads\/2020\/05\/PART_1590598892270.jpg 416w, https:\/\/www.campinglespeupliers.net\/wp-content\/uploads\/2020\/05\/PART_1590598892270-225x300.jpg 225w\" sizes=\"auto, (max-width: 416px) 100vw, 416px\" \/><\/p>\n<p style=\"text-align: center;\">Les jetons sont disponibles \u00e0 l\u2019accueil du camping<\/p>\n\n\n<div class=\"wp-block-image\"><figure class=\"aligncenter size-large is-resized\"><img loading=\"lazy\" decoding=\"async\" src=\"http:\/\/www.campinglespeupliers.net\/wp-content\/uploads\/2021\/07\/IMG_15661-768x1024.jpg\" alt=\"\" class=\"wp-image-5904\" width=\"1094\" height=\"1459\" srcset=\"https:\/\/www.campinglespeupliers.net\/wp-content\/uploads\/2021\/07\/IMG_15661-768x1024.jpg 768w, https:\/\/www.campinglespeupliers.net\/wp-content\/uploads\/2021\/07\/IMG_15661-225x300.jpg 225w, https:\/\/www.campinglespeupliers.net\/wp-content\/uploads\/2021\/07\/IMG_15661-1152x1536.jpg 1152w, https:\/\/www.campinglespeupliers.net\/wp-content\/uploads\/2021\/07\/IMG_15661.jpg 1536w\" sizes=\"auto, (max-width: 1094px) 100vw, 1094px\" \/><\/figure><\/div>\n\n\n","protected":false},"excerpt":{"rendered":"<p>Deux blocs sanitaires sont \u00e0 la disposition de la client\u00e8le. Le bloc sanitaire N\u00b01 est adapt\u00e9 pour les personnes \u00e0 mobilit\u00e9 r\u00e9duite. Bloc sanitaire N\u00b0 2 Un lave-linge \u00e0 jeton dans au bloc sanitaire N\u00b01 Les jetons sont disponibles \u00e0 l\u2019accueil du camping<\/p>\n","protected":false},"author":1,"featured_media":0,"parent":0,"menu_order":0,"comment_status":"closed","ping_status":"closed","template":"","meta":{"footnotes":""},"class_list":["post-2933","page","type-page","status-publish","hentry"],"_links":{"self":[{"href":"https:\/\/www.campinglespeupliers.net\/index.php\/wp-json\/wp\/v2\/pages\/2933","targetHints":{"allow":["GET"]}}],"collection":[{"href":"https:\/\/www.campinglespeupliers.net\/index.php\/wp-json\/wp\/v2\/pages"}],"about":[{"href":"https:\/\/www.campinglespeupliers.net\/index.php\/wp-json\/wp\/v2\/types\/page"}],"author":[{"embeddable":true,"href":"https:\/\/www.campinglespeupliers.net\/index.php\/wp-json\/wp\/v2\/users\/1"}],"replies":[{"embeddable":true,"href":"https:\/\/www.campinglespeupliers.net\/index.php\/wp-json\/wp\/v2\/comments?post=2933"}],"version-history":[{"count":8,"href":"https:\/\/www.campinglespeupliers.net\/index.php\/wp-json\/wp\/v2\/pages\/2933\/revisions"}],"predecessor-version":[{"id":5906,"href":"https:\/\/www.campinglespeupliers.net\/index.php\/wp-json\/wp\/v2\/pages\/2933\/revisions\/5906"}],"wp:attachment":[{"href":"https:\/\/www.campinglespeupliers.net\/index.php\/wp-json\/wp\/v2\/media?parent=2933"}],"curies":[{"name":"wp","href":"https:\/\/api.w.org\/{rel}","templated":true}]}}