{"id":364,"date":"2018-09-16T16:38:58","date_gmt":"2018-09-16T16:38:58","guid":{"rendered":"https:\/\/hugounenq.com\/wordpress\/?page_id=364"},"modified":"2024-06-03T20:10:35","modified_gmt":"2024-06-03T18:10:35","slug":"nos-pizzas","status":"publish","type":"page","link":"https:\/\/www.campinglespeupliers.net\/index.php\/nos-pizzas\/","title":{"rendered":"Pizzas &#8211; Tapas &#8211; Frites"},"content":{"rendered":"\n<h2 class=\"wp-block-heading has-text-align-center\">EN PLEINE SAISON<\/h2>\n\n\n\n<h2 class=\"wp-block-heading has-text-align-center\">A emporter ou sur place<\/h2>\n\n\n\n<p class=\"has-text-align-center\">Ouvert 7 jours sur 7<\/p>\n\n\n<div class=\"wp-block-image\">\n<figure class=\"aligncenter size-large\"><img loading=\"lazy\" decoding=\"async\" width=\"711\" height=\"1024\" src=\"http:\/\/www.campinglespeupliers.net\/wp-content\/uploads\/2023\/05\/PIZZA-flayer-a5-711x1024.jpg\" alt=\"\" class=\"wp-image-6080\" srcset=\"https:\/\/www.campinglespeupliers.net\/wp-content\/uploads\/2023\/05\/PIZZA-flayer-a5-711x1024.jpg 711w, https:\/\/www.campinglespeupliers.net\/wp-content\/uploads\/2023\/05\/PIZZA-flayer-a5-208x300.jpg 208w, https:\/\/www.campinglespeupliers.net\/wp-content\/uploads\/2023\/05\/PIZZA-flayer-a5-768x1106.jpg 768w, https:\/\/www.campinglespeupliers.net\/wp-content\/uploads\/2023\/05\/PIZZA-flayer-a5-1066x1536.jpg 1066w, https:\/\/www.campinglespeupliers.net\/wp-content\/uploads\/2023\/05\/PIZZA-flayer-a5-1422x2048.jpg 1422w, https:\/\/www.campinglespeupliers.net\/wp-content\/uploads\/2023\/05\/PIZZA-flayer-a5.jpg 1516w\" sizes=\"auto, (max-width: 711px) 100vw, 711px\" \/><\/figure>\n<\/div>\n\n\n<p><\/p>\n\n\n\n<p class=\"has-text-align-center\">Du lundi au samedi de 11H00 \u00e0 14H00 et de 18H00 \u00e0 22H00 &#8211;<\/p>\n\n\n\n<p class=\"has-text-align-center\"> Le dimanche de 18H00 \u00e0 22H00s<\/p>\n\n\n\n<p><\/p>\n","protected":false},"excerpt":{"rendered":"<p>EN PLEINE SAISON A emporter ou sur place Ouvert 7 jours sur 7 Du lundi au samedi de 11H00 \u00e0 14H00 et de 18H00 \u00e0 22H00 &#8211; Le dimanche de 18H00 \u00e0 22H00s<\/p>\n","protected":false},"author":1,"featured_media":0,"parent":0,"menu_order":0,"comment_status":"closed","ping_status":"closed","template":"","meta":{"footnotes":""},"class_list":["post-364","page","type-page","status-publish","hentry"],"_links":{"self":[{"href":"https:\/\/www.campinglespeupliers.net\/index.php\/wp-json\/wp\/v2\/pages\/364","targetHints":{"allow":["GET"]}}],"collection":[{"href":"https:\/\/www.campinglespeupliers.net\/index.php\/wp-json\/wp\/v2\/pages"}],"about":[{"href":"https:\/\/www.campinglespeupliers.net\/index.php\/wp-json\/wp\/v2\/types\/page"}],"author":[{"embeddable":true,"href":"https:\/\/www.campinglespeupliers.net\/index.php\/wp-json\/wp\/v2\/users\/1"}],"replies":[{"embeddable":true,"href":"https:\/\/www.campinglespeupliers.net\/index.php\/wp-json\/wp\/v2\/comments?post=364"}],"version-history":[{"count":19,"href":"https:\/\/www.campinglespeupliers.net\/index.php\/wp-json\/wp\/v2\/pages\/364\/revisions"}],"predecessor-version":[{"id":6244,"href":"https:\/\/www.campinglespeupliers.net\/index.php\/wp-json\/wp\/v2\/pages\/364\/revisions\/6244"}],"wp:attachment":[{"href":"https:\/\/www.campinglespeupliers.net\/index.php\/wp-json\/wp\/v2\/media?parent=364"}],"curies":[{"name":"wp","href":"https:\/\/api.w.org\/{rel}","templated":true}]}}