{"id":540,"date":"2018-09-19T16:36:00","date_gmt":"2018-09-19T16:36:00","guid":{"rendered":"https:\/\/hugounenq.com\/wordpress\/?page_id=540"},"modified":"2018-09-19T16:36:00","modified_gmt":"2018-09-19T16:36:00","slug":"les-plages","status":"publish","type":"page","link":"https:\/\/www.campinglespeupliers.net\/index.php\/les-plages\/","title":{"rendered":"La mer &#8211; Les plages"},"content":{"rendered":"<h1 id=\"h.p_5I8D78QH28BM\" class=\"zfr3Q\" style=\"text-align: center;\">La M\u00e9diterran\u00e9e est toute proche,<\/h1>\n<h1 class=\"zfr3Q\" style=\"text-align: center;\">50 km \u00e0 parcourir et vous y \u00eates<\/h1>\n<p id=\"h.p_pftOsSn04hiE\" class=\"zfr3Q\" style=\"text-align: center;\">Farniente sur le sable !<\/p>\n<p>&nbsp;<\/p>\n<p>&nbsp;<\/p>\n<p>&nbsp;<\/p>\n<p id=\"h.p_TG26w9tf4bnU\" class=\"zfr3Q\" style=\"text-align: center;\">Les stations baln\u00e9aires dans l&rsquo;H\u00e9rault<\/p>\n<p>&nbsp;<\/p>\n<p><img loading=\"lazy\" decoding=\"async\" class=\" wp-image-541 alignleft\" src=\"http:\/\/campinglespeupliers.net\/wp-content\/uploads\/2018\/09\/plages-272x300.jpg\" alt=\"\" width=\"412\" height=\"454\" srcset=\"https:\/\/www.campinglespeupliers.net\/wp-content\/uploads\/2018\/09\/plages-272x300.jpg 272w, https:\/\/www.campinglespeupliers.net\/wp-content\/uploads\/2018\/09\/plages.jpg 500w\" sizes=\"auto, (max-width: 412px) 100vw, 412px\" \/><\/p>\n<ul>\n<li>La Grande Motte<\/li>\n<li>Carnon Plage<\/li>\n<li>Palavas les Flots<\/li>\n<li>Villeneuve les Maguelones<\/li>\n<li>Frontignan<\/li>\n<li>Balaruc Les Bains<\/li>\n<li>S\u00e8te<\/li>\n<li>Marseillan<\/li>\n<li>Cap d&rsquo;Agde<\/li>\n<li>Grau d&rsquo;Agde<\/li>\n<li>Portiragnes<\/li>\n<li>S\u00e9rignan<\/li>\n<li>Valras<\/li>\n<li>Vendres<\/li>\n<\/ul>\n<p>&nbsp;<\/p>\n<p>&nbsp;<\/p>\n<p>&nbsp;<\/p>\n<h2 style=\"text-align: center;\">Le Cap d&rsquo;Agde<\/h2>\n<p><img loading=\"lazy\" decoding=\"async\" class=\" wp-image-542 alignleft\" src=\"http:\/\/campinglespeupliers.net\/wp-content\/uploads\/2018\/09\/cap_agde-300x168.jpg\" alt=\"\" width=\"852\" height=\"477\" srcset=\"https:\/\/www.campinglespeupliers.net\/wp-content\/uploads\/2018\/09\/cap_agde-300x168.jpg 300w, https:\/\/www.campinglespeupliers.net\/wp-content\/uploads\/2018\/09\/cap_agde-768x431.jpg 768w, https:\/\/www.campinglespeupliers.net\/wp-content\/uploads\/2018\/09\/cap_agde.jpg 773w\" sizes=\"auto, (max-width: 852px) 100vw, 852px\" \/><\/p>\n<p>&nbsp;<\/p>\n<p>&nbsp;<\/p>\n<p>&nbsp;<\/p>\n<p>&nbsp;<\/p>\n<p>&nbsp;<\/p>\n<p>&nbsp;<\/p>\n<p>&nbsp;<\/p>\n<p style=\"text-align: center;\"><img loading=\"lazy\" decoding=\"async\" class=\"aligncenter wp-image-543\" src=\"http:\/\/campinglespeupliers.net\/wp-content\/uploads\/2018\/09\/plages_2-300x198.jpg\" alt=\"\" width=\"480\" height=\"317\" srcset=\"https:\/\/www.campinglespeupliers.net\/wp-content\/uploads\/2018\/09\/plages_2-300x198.jpg 300w, https:\/\/www.campinglespeupliers.net\/wp-content\/uploads\/2018\/09\/plages_2.jpg 400w\" sizes=\"auto, (max-width: 480px) 100vw, 480px\" \/><\/p>\n<p>&nbsp;<\/p>\n<p>&nbsp;<\/p>\n<p style=\"text-align: center;\">Palavas les Flots<\/p>\n<p>&nbsp;<\/p>\n<p style=\"text-align: center;\"><img loading=\"lazy\" decoding=\"async\" class=\"aligncenter size-medium wp-image-544\" src=\"http:\/\/campinglespeupliers.net\/wp-content\/uploads\/2018\/09\/palavas-300x188.jpg\" alt=\"\" width=\"300\" height=\"188\" srcset=\"https:\/\/www.campinglespeupliers.net\/wp-content\/uploads\/2018\/09\/palavas-300x188.jpg 300w, https:\/\/www.campinglespeupliers.net\/wp-content\/uploads\/2018\/09\/palavas.jpg 400w\" sizes=\"auto, (max-width: 300px) 100vw, 300px\" \/><\/p>\n","protected":false},"excerpt":{"rendered":"<p>La M\u00e9diterran\u00e9e est toute proche, 50 km \u00e0 parcourir et vous y \u00eates Farniente sur le sable ! &nbsp; &nbsp; &nbsp; Les stations baln\u00e9aires dans l&rsquo;H\u00e9rault &nbsp; La Grande Motte Carnon Plage Palavas les Flots Villeneuve les Maguelones Frontignan Balaruc Les Bains S\u00e8te Marseillan Cap d&rsquo;Agde Grau d&rsquo;Agde Portiragnes S\u00e9rignan Valras Vendres &nbsp; &nbsp; &nbsp; [&hellip;]<\/p>\n","protected":false},"author":1,"featured_media":0,"parent":0,"menu_order":0,"comment_status":"closed","ping_status":"closed","template":"","meta":{"footnotes":""},"class_list":["post-540","page","type-page","status-publish","hentry"],"_links":{"self":[{"href":"https:\/\/www.campinglespeupliers.net\/index.php\/wp-json\/wp\/v2\/pages\/540","targetHints":{"allow":["GET"]}}],"collection":[{"href":"https:\/\/www.campinglespeupliers.net\/index.php\/wp-json\/wp\/v2\/pages"}],"about":[{"href":"https:\/\/www.campinglespeupliers.net\/index.php\/wp-json\/wp\/v2\/types\/page"}],"author":[{"embeddable":true,"href":"https:\/\/www.campinglespeupliers.net\/index.php\/wp-json\/wp\/v2\/users\/1"}],"replies":[{"embeddable":true,"href":"https:\/\/www.campinglespeupliers.net\/index.php\/wp-json\/wp\/v2\/comments?post=540"}],"version-history":[{"count":0,"href":"https:\/\/www.campinglespeupliers.net\/index.php\/wp-json\/wp\/v2\/pages\/540\/revisions"}],"wp:attachment":[{"href":"https:\/\/www.campinglespeupliers.net\/index.php\/wp-json\/wp\/v2\/media?parent=540"}],"curies":[{"name":"wp","href":"https:\/\/api.w.org\/{rel}","templated":true}]}}