{"id":718,"date":"2018-09-22T15:20:59","date_gmt":"2018-09-22T15:20:59","guid":{"rendered":"https:\/\/hugounenq.com\/wordpress\/?page_id=718"},"modified":"2020-06-10T19:43:16","modified_gmt":"2020-06-10T17:43:16","slug":"les-vignobles","status":"publish","type":"page","link":"https:\/\/www.campinglespeupliers.net\/index.php\/les-vignobles\/","title":{"rendered":"Les vignobles"},"content":{"rendered":"<p><img loading=\"lazy\" decoding=\"async\" class=\"size-full wp-image-2980 aligncenter\" src=\"http:\/\/www.campinglespeupliers.net\/wp-content\/uploads\/2020\/06\/vignes_raisins.jpg\" alt=\"\" width=\"1500\" height=\"340\" srcset=\"https:\/\/www.campinglespeupliers.net\/wp-content\/uploads\/2020\/06\/vignes_raisins.jpg 1500w, https:\/\/www.campinglespeupliers.net\/wp-content\/uploads\/2020\/06\/vignes_raisins-300x68.jpg 300w, https:\/\/www.campinglespeupliers.net\/wp-content\/uploads\/2020\/06\/vignes_raisins-1024x232.jpg 1024w, https:\/\/www.campinglespeupliers.net\/wp-content\/uploads\/2020\/06\/vignes_raisins-768x174.jpg 768w\" sizes=\"auto, (max-width: 1500px) 100vw, 1500px\" \/><img loading=\"lazy\" decoding=\"async\" class=\"wp-image-719 aligncenter\" src=\"http:\/\/campinglespeupliers.net\/wp-content\/uploads\/2018\/09\/vignobles-300x99.jpg\" alt=\"\" width=\"1046\" height=\"345\" srcset=\"https:\/\/www.campinglespeupliers.net\/wp-content\/uploads\/2018\/09\/vignobles-300x99.jpg 300w, https:\/\/www.campinglespeupliers.net\/wp-content\/uploads\/2018\/09\/vignobles-768x252.jpg 768w, https:\/\/www.campinglespeupliers.net\/wp-content\/uploads\/2018\/09\/vignobles.jpg 1175w\" sizes=\"auto, (max-width: 1046px) 100vw, 1046px\" \/><\/p>\n<figure id=\"attachment_2979\" aria-describedby=\"caption-attachment-2979\" style=\"width: 1024px\" class=\"wp-caption aligncenter\"><img loading=\"lazy\" decoding=\"async\" class=\"size-full wp-image-2979\" src=\"http:\/\/www.campinglespeupliers.net\/wp-content\/uploads\/2020\/06\/raisins.jpg\" alt=\"\" width=\"1024\" height=\"768\" srcset=\"https:\/\/www.campinglespeupliers.net\/wp-content\/uploads\/2020\/06\/raisins.jpg 1024w, https:\/\/www.campinglespeupliers.net\/wp-content\/uploads\/2020\/06\/raisins-300x225.jpg 300w, https:\/\/www.campinglespeupliers.net\/wp-content\/uploads\/2020\/06\/raisins-768x576.jpg 768w\" sizes=\"auto, (max-width: 1024px) 100vw, 1024px\" \/><figcaption id=\"caption-attachment-2979\" class=\"wp-caption-text\">OLYMPUS DIGITAL CAMERA<\/figcaption><\/figure>\n<p id=\"h.p_7-Oc9mzpGoQS\" class=\"zfr3Q\" style=\"text-align: center;\"><em><strong>Raisin de table et vin<\/strong><\/em><\/p>\n<p id=\"h.p_Yd9SiIcIGpOW\" class=\"zfr3Q\" style=\"text-align: center;\">Le lod\u00e9vois est aussi la porte du plus grand vignoble du monde.<\/p>\n<p id=\"h.p_jAvwAjegGpOY\" class=\"zfr3Q\" style=\"text-align: center;\">Le vignoble est partout&#8230; Il produit des vins divers et des raisins de table r\u00e9put\u00e9s.<\/p>\n<p id=\"h.p_77HgFWVLGpOZ\" class=\"zfr3Q\" style=\"text-align: center;\">Vous pourrez visiter une vingtaine de caves coop\u00e9ratives et particuli\u00e8res (Coteaux du Languedoc, Vin de Pays d&rsquo;Oc)<\/p>\n<p id=\"h.p_CdadOflZGpOZ\" class=\"zfr3Q\" style=\"text-align: center;\">Les vins et Cartag\u00e8ne (\u00e0 Salelles du Bosc &#8211; Liqueur \u00e9labor\u00e9e avec du moult de raison frais)<\/p>\n<p id=\"h.p_Bdkd12LGGpOb\" class=\"zfr3Q\" style=\"text-align: center;\">Route des vins !<\/p>\n<ul class=\"n8H08c UVNKR\">\n<li id=\"h.p_nzh7qZ-yHqP7\" class=\"zfr3Q TYR86d\">Ch\u00e2teau Vaill\u00e9 \u00e0 Salelles du Bosc<\/li>\n<li id=\"h.p_Lj5l1XxzHuCV\" class=\"zfr3Q TYR86d\">Domaine Monr\u00e8ve \u00e0 Cartels du Bosc<\/li>\n<li id=\"h.p_ZUp2PVIxHxM2\" class=\"zfr3Q TYR86d\">Domaine Jordy \u00e0 Loiras du Bosc &#8211; site :\u00a0http:\/\/www.domaine-jordy.com<\/li>\n<li>Domaine Alteirac \u00e0 Loiras du Bosc &#8211; site :\u00a0http:\/\/chateau-alteirac.e-monsite.com\/<\/li>\n<li>&#8230;.<\/li>\n<\/ul>\n","protected":false},"excerpt":{"rendered":"<p>Raisin de table et vin Le lod\u00e9vois est aussi la porte du plus grand vignoble du monde. Le vignoble est partout&#8230; Il produit des vins divers et des raisins de table r\u00e9put\u00e9s. Vous pourrez visiter une vingtaine de caves coop\u00e9ratives et particuli\u00e8res (Coteaux du Languedoc, Vin de Pays d&rsquo;Oc) Les vins et Cartag\u00e8ne (\u00e0 Salelles [&hellip;]<\/p>\n","protected":false},"author":1,"featured_media":0,"parent":0,"menu_order":0,"comment_status":"closed","ping_status":"closed","template":"","meta":{"footnotes":""},"class_list":["post-718","page","type-page","status-publish","hentry"],"_links":{"self":[{"href":"https:\/\/www.campinglespeupliers.net\/index.php\/wp-json\/wp\/v2\/pages\/718","targetHints":{"allow":["GET"]}}],"collection":[{"href":"https:\/\/www.campinglespeupliers.net\/index.php\/wp-json\/wp\/v2\/pages"}],"about":[{"href":"https:\/\/www.campinglespeupliers.net\/index.php\/wp-json\/wp\/v2\/types\/page"}],"author":[{"embeddable":true,"href":"https:\/\/www.campinglespeupliers.net\/index.php\/wp-json\/wp\/v2\/users\/1"}],"replies":[{"embeddable":true,"href":"https:\/\/www.campinglespeupliers.net\/index.php\/wp-json\/wp\/v2\/comments?post=718"}],"version-history":[{"count":4,"href":"https:\/\/www.campinglespeupliers.net\/index.php\/wp-json\/wp\/v2\/pages\/718\/revisions"}],"predecessor-version":[{"id":2986,"href":"https:\/\/www.campinglespeupliers.net\/index.php\/wp-json\/wp\/v2\/pages\/718\/revisions\/2986"}],"wp:attachment":[{"href":"https:\/\/www.campinglespeupliers.net\/index.php\/wp-json\/wp\/v2\/media?parent=718"}],"curies":[{"name":"wp","href":"https:\/\/api.w.org\/{rel}","templated":true}]}}