{"id":729,"date":"2018-09-23T09:53:20","date_gmt":"2018-09-23T09:53:20","guid":{"rendered":"https:\/\/hugounenq.com\/wordpress\/?page_id=729"},"modified":"2024-11-28T11:07:41","modified_gmt":"2024-11-28T10:07:41","slug":"politique-de-confidentialite","status":"publish","type":"page","link":"https:\/\/www.campinglespeupliers.net\/index.php\/politique-de-confidentialite\/","title":{"rendered":"Politique de confidentialit\u00e9"},"content":{"rendered":"<h2 style=\"text-align: center;\"><span style=\"color: #ff6600;\">Conditions g\u00e9n\u00e9rales d\u2019utilisation du site<\/span><\/h2>\n<h2 style=\"text-align: center;\"><span style=\"color: #ff6600;\">Mentions l\u00e9gales<\/span><\/h2>\n<h2 style=\"text-align: center;\"><span style=\"color: #ff6600;\"><em>www.campinglespeupliers.net<\/em><\/span><\/h2>\n<h2><\/h2>\n<p>L\u2019utilisation du site <em>www.campinglespeupliers.net\u00a0<\/em>implique l\u2019acceptation pleine et enti\u00e8re des conditions g\u00e9n\u00e9rales d\u2019utilisation ci-apr\u00e8s d\u00e9crites. Ces conditions d\u2019utilisation sont susceptibles d\u2019\u00eatre modifi\u00e9es ou compl\u00e9t\u00e9es \u00e0 tout moment, les utilisateurs du site sont donc invit\u00e9s \u00e0 les consulter de mani\u00e8re r\u00e9guli\u00e8re.<\/p>\n<p>Nous nous effor\u00e7ons de fournir sur le site <em style=\"font-family: Roboto, 'Helvetica Neue', Helvetica, Arial, sans-serif; font-size: 16px;\">www.campinglespeupliers.net\u00a0\u00a0<\/em><span style=\"font-family: Roboto, 'Helvetica Neue', Helvetica, Arial, sans-serif; font-size: 16px;\">des informations aussi pr\u00e9cises que possible. Toutefois, le Camping Les Peupliers ne pourra \u00eatre tenu responsable des omissions, des inexactitudes et des carences dans la mise \u00e0 jour, qu\u2019elles soient de son\u00a0fait ou du fait des tiers partenaires qui lui fournissent ces informations.\u00a0<\/span>Tous les informations indiqu\u00e9es sur le site\u00a0 <em>www.campinglespeupliers.net\u00a0<\/em>sont donn\u00e9es \u00e0 titre indicatif, et sont susceptibles d\u2019\u00e9voluer.<\/p>\n<h2>Informations g\u00e9n\u00e9rales :<\/h2>\n<p>L\u2019adresse de notre site Web est\u00a0: www.campinglespeupliers.net<\/p>\n<p>Le g\u00e9rant : MAURI Jo\u00ebl<\/p>\n<p>SARL &#8211; Camping Les Peupliers<\/p>\n<p>Date ouverture : 01\u00a0 f\u00e9vrier 1990<\/p>\n<p>Si\u00e8ge social : Cartels du Bosc &#8211;\u00a0 34700 LE BOSC<\/p>\n<p>T\u00e9l.: 04-67-44-38-08<\/p>\n<p>Mail :\u00a0<span id=\"cloak25d232b7a6e94d6e3f8b6ea392e64bd3\" style=\"color: #000000;\"><a style=\"color: #000000;\" href=\"mailto:contact@campinglespeupliers34.fr\">contact@campinglespeupliers.net<\/a><\/span><\/p>\n<p>SIRET :\u00a0353 380 272 00016<\/p>\n<p>SIREN : 353 380 272<\/p>\n<p>APE :\u00a05530Z<\/p>\n<p>Num\u00e9ro de TVA intracommunautaire: FR86353380272<\/p>\n<p>Le site est h\u00e9berg\u00e9 par\u00a0OVH\u00a0 \u00a0&#8211;\u00a0 \u00a0https:\/\/www.ovh.com<\/p>\n<h2>Le formulaire de contact transmis par mail :<\/h2>\n<p>Les informations\u00a0renseign\u00e9es et envoy\u00e9es via le formulaire de contact accessible depuis le site <em>www.campinglespeupliers.net\u00a0<\/em> sont demand\u00e9es afin de r\u00e9pondre \u00e0 la demande d&rsquo;information ou de r\u00e9servation, ou toute autre\u00a0 demande.\u00a0 Aucune information personnelle de l\u2019utilisateur du site <em>www.campinglespeupliers.net<\/em>\u00a0 n\u2019est publi\u00e9e \u00e0 l\u2019insu de l\u2019utilisateur, \u00e9chang\u00e9e, transf\u00e9r\u00e9e, c\u00e9d\u00e9e ou vendue sur un support quelconque \u00e0 des tiers.<\/p>\n<h2>Cookies :<\/h2>\n<p>Si vous vous connectez sur le site <em>www.campinglespeupliers.net<\/em>, un cookie temporaire sera cr\u00e9\u00e9 afin de d\u00e9terminer si votre navigateur accepte les cookies. Il ne contient pas de donn\u00e9es personnelles et sera supprim\u00e9 automatiquement \u00e0 la fermeture de votre navigateur.<\/p>\n<p>En consultant une publication, un cookie suppl\u00e9mentaire sera enregistr\u00e9 dans votre navigateur. Ce cookie ne comprend aucune donn\u00e9e personnelle. Il indique simplement l\u2019ID de la publication que vous venez de modifier. Il expire au bout d\u2019un jour. Il en est de m\u00eame pour l&rsquo;acc\u00e8s aux pages prot\u00e9g\u00e9es.<\/p>\n<h2 id=\"d\u00e9sactivation-et-suppression-de-tous-les-cookies\">D\u00e9sactivation et suppression de tous les cookies<\/h2>\n<p>Il est possible de configurer votre navigateur pour emp\u00eacher l\u2019utilisation et stockage de cookies sur votre dispositif et\/ou que l&rsquo;on vous demande \u00e0 chaque visite d\u2019un site d\u2019activer les cookies. Vous pouvez \u00e9galement, \u00e0 tout moment, supprimer les cookies qui ont \u00e9t\u00e9 r\u00e9activ\u00e9s. Consultez la rubrique d\u2019aide de votre navigateur pour savoir comment faire.\u00a0Veuillez noter que la d\u00e9sactivation globale des cookies peut entra\u00eener des dysfonctionnements sur le site <em>www.campinglespeupliers.net<\/em>.<\/p>\n<h2>Contenu embarqu\u00e9 depuis d\u2019autres sites :<\/h2>\n<p>Les articles de ce site peuvent inclure des contenus int\u00e9gr\u00e9s (par exemple des vid\u00e9os, images, articles\u2026). Le contenu int\u00e9gr\u00e9 depuis d\u2019autres sites se comporte de la m\u00eame mani\u00e8re que si le visiteur se rendait sur cet autre site.<\/p>\n<p>Ces sites web pourraient collecter des donn\u00e9es sur vous, utiliser des cookies, embarquer des outils de suivis tiers, suivre vos interactions avec ces contenus embarqu\u00e9s si vous disposez d\u2019un compte connect\u00e9 sur leur site web.<\/p>\n<p>Enfin toute r\u00e9alisation d&rsquo;un lien avec le site www.camplinglespeupliers.net devra faire l&rsquo;objet d&rsquo;un accord pr\u00e9alable de \u00ab\u00a0Camping les Peupliers\u00a0\u00bb. Le camping les peupliers n&rsquo;engage en aucune fa\u00e7on sa responsabilit\u00e9 quant au contenu des sites ayant r\u00e9alis\u00e9 un lien vers le site du camping les peupliers.<\/p>\n<h2>Contacter la CNIL :<\/h2>\n<p><a href=\"https:\/\/www.cnil.fr\/\">Lien vers le site de la CNIL<\/a><\/p>\n<p>Le site n\u2019est pas d\u00e9clar\u00e9 \u00e0 la CNIL car il ne recueille pas d\u2019informations personnelles.<\/p>\n<h2>Responsabilit\u00e9s :<\/h2>\n<p align=\"justify\">Le camping les peupliers ne peut en aucun cas \u00eatre tenu pour responsable de dommages directs ou indirects, pertes de donn\u00e9es, contamination par virus, destructions, d\u00e9t\u00e9riorations ou inaccessibilit\u00e9s pouvant affecter le syst\u00e8me informatique de l&rsquo;utilisateur.\u00a0Le camping les peupliers ne peut en aucun cas \u00eatre tenu responsable de la pr\u00e9sence d&rsquo;un virus sur son site.<\/p>\n<h2>Droit applicable :<\/h2>\n<p align=\"justify\">Le droit applicable en cas de litige est le droit fran\u00e7ais.<\/p>\n<h2>Attribution de juridiction :<\/h2>\n<p align=\"justify\">Tous litiges, de quelque nature que ce soit, relatifs \u00e0 l&rsquo;utilisation de ce site internet seront de la comp\u00e9tence exclusive des Tribunaux du ressort de la Cour d&rsquo;appel de Montpellier.<\/p>\n<h2>Informations techniques :<\/h2>\n<p>Le secret des correspondances n&rsquo;est pas garanti sur le r\u00e9seau Internet et qu&rsquo;il appartient \u00e0 chaque utilisateur de prendre toutes les mesures appropri\u00e9es de fa\u00e7on \u00e0 prot\u00e9ger ses propres donn\u00e9es et\/ou logiciels de la contamination d&rsquo;\u00e9ventuels virus circulant sur Internet.<\/p>\n","protected":false},"excerpt":{"rendered":"<p>Conditions g\u00e9n\u00e9rales d\u2019utilisation du site Mentions l\u00e9gales www.campinglespeupliers.net L\u2019utilisation du site www.campinglespeupliers.net\u00a0implique l\u2019acceptation pleine et enti\u00e8re des conditions g\u00e9n\u00e9rales d\u2019utilisation ci-apr\u00e8s d\u00e9crites. Ces conditions d\u2019utilisation sont susceptibles d\u2019\u00eatre modifi\u00e9es ou compl\u00e9t\u00e9es \u00e0 tout moment, les utilisateurs du site sont donc invit\u00e9s \u00e0 les consulter de mani\u00e8re r\u00e9guli\u00e8re. Nous nous effor\u00e7ons de fournir sur le site [&hellip;]<\/p>\n","protected":false},"author":1,"featured_media":0,"parent":0,"menu_order":0,"comment_status":"closed","ping_status":"closed","template":"","meta":{"footnotes":""},"class_list":["post-729","page","type-page","status-publish","hentry"],"_links":{"self":[{"href":"https:\/\/www.campinglespeupliers.net\/index.php\/wp-json\/wp\/v2\/pages\/729","targetHints":{"allow":["GET"]}}],"collection":[{"href":"https:\/\/www.campinglespeupliers.net\/index.php\/wp-json\/wp\/v2\/pages"}],"about":[{"href":"https:\/\/www.campinglespeupliers.net\/index.php\/wp-json\/wp\/v2\/types\/page"}],"author":[{"embeddable":true,"href":"https:\/\/www.campinglespeupliers.net\/index.php\/wp-json\/wp\/v2\/users\/1"}],"replies":[{"embeddable":true,"href":"https:\/\/www.campinglespeupliers.net\/index.php\/wp-json\/wp\/v2\/comments?post=729"}],"version-history":[{"count":12,"href":"https:\/\/www.campinglespeupliers.net\/index.php\/wp-json\/wp\/v2\/pages\/729\/revisions"}],"predecessor-version":[{"id":6275,"href":"https:\/\/www.campinglespeupliers.net\/index.php\/wp-json\/wp\/v2\/pages\/729\/revisions\/6275"}],"wp:attachment":[{"href":"https:\/\/www.campinglespeupliers.net\/index.php\/wp-json\/wp\/v2\/media?parent=729"}],"curies":[{"name":"wp","href":"https:\/\/api.w.org\/{rel}","templated":true}]}}