{"id":85,"date":"2018-09-14T12:58:00","date_gmt":"2018-09-14T12:58:00","guid":{"rendered":"https:\/\/hugounenq.com\/wordpress\/?page_id=85"},"modified":"2021-06-28T09:42:46","modified_gmt":"2021-06-28T07:42:46","slug":"le-cirque-de-moureze","status":"publish","type":"page","link":"https:\/\/www.campinglespeupliers.net\/index.php\/le-cirque-de-moureze\/","title":{"rendered":"Le cirque de Mour\u00e8ze"},"content":{"rendered":"<h1 style=\"text-align: center;\"><strong>Cirque dolomitique <\/strong><\/h1>\n<h1 style=\"text-align: center;\"><strong>\u00e0 proximit\u00e9 du lac du Salagou<\/strong><\/h1>\n<p style=\"text-align: center;\"><iframe loading=\"lazy\" src=\"https:\/\/www.youtube.com\/embed\/0BlrD_JbbRA\" width=\"560\" height=\"315\" frameborder=\"0\" allowfullscreen=\"allowfullscreen\"><\/iframe><\/p>\n<h6 style=\"text-align: center;\">Extrait de l&rsquo;\u00e9mission des racines et des ailes de France3 sur le cirque de Mour\u00e8ze dans l&rsquo;H\u00e9rault.<\/h6>\n<p style=\"text-align: center;\">A deux pas de berges rouges du lac du Salagou, un autre paysage \u00e9tonnant entoure le village de Mour\u00e8ze.<br \/>\nSur 8kms de gigantesque colonnes de calcaires (dolomites) partent \u00e0 l&rsquo;assaut du ciel dans un gigantesque amphith\u00e9\u00e2tre de 340ha.<\/p>\n<p style=\"text-align: center;\">Le point culminant du cirque de Mour\u00e8ze est le mont Liausson ( 523 m.) d&rsquo;o\u00f9\u00a0 l&rsquo;on d\u00e9couvre le Lac du Salagou.<\/p>\n<p style=\"text-align: center;\">Des sentiers balis\u00e9s permettent de d\u00e9couvrir ais\u00e9ment ce paysage chaotique.<\/p>\n<p style=\"text-align: center;\">\n","protected":false},"excerpt":{"rendered":"<p>Cirque dolomitique \u00e0 proximit\u00e9 du lac du Salagou Extrait de l&rsquo;\u00e9mission des racines et des ailes de France3 sur le cirque de Mour\u00e8ze dans l&rsquo;H\u00e9rault. A deux pas de berges rouges du lac du Salagou, un autre paysage \u00e9tonnant entoure le village de Mour\u00e8ze. Sur 8kms de gigantesque colonnes de calcaires (dolomites) partent \u00e0 l&rsquo;assaut [&hellip;]<\/p>\n","protected":false},"author":1,"featured_media":0,"parent":0,"menu_order":0,"comment_status":"closed","ping_status":"open","template":"","meta":{"footnotes":""},"class_list":["post-85","page","type-page","status-publish","hentry"],"_links":{"self":[{"href":"https:\/\/www.campinglespeupliers.net\/index.php\/wp-json\/wp\/v2\/pages\/85","targetHints":{"allow":["GET"]}}],"collection":[{"href":"https:\/\/www.campinglespeupliers.net\/index.php\/wp-json\/wp\/v2\/pages"}],"about":[{"href":"https:\/\/www.campinglespeupliers.net\/index.php\/wp-json\/wp\/v2\/types\/page"}],"author":[{"embeddable":true,"href":"https:\/\/www.campinglespeupliers.net\/index.php\/wp-json\/wp\/v2\/users\/1"}],"replies":[{"embeddable":true,"href":"https:\/\/www.campinglespeupliers.net\/index.php\/wp-json\/wp\/v2\/comments?post=85"}],"version-history":[{"count":1,"href":"https:\/\/www.campinglespeupliers.net\/index.php\/wp-json\/wp\/v2\/pages\/85\/revisions"}],"predecessor-version":[{"id":5892,"href":"https:\/\/www.campinglespeupliers.net\/index.php\/wp-json\/wp\/v2\/pages\/85\/revisions\/5892"}],"wp:attachment":[{"href":"https:\/\/www.campinglespeupliers.net\/index.php\/wp-json\/wp\/v2\/media?parent=85"}],"curies":[{"name":"wp","href":"https:\/\/api.w.org\/{rel}","templated":true}]}}