{"id":861,"date":"2018-09-24T09:51:21","date_gmt":"2018-09-24T09:51:21","guid":{"rendered":"https:\/\/hugounenq.com\/wordpress\/?page_id=861"},"modified":"2020-05-26T15:01:35","modified_gmt":"2020-05-26T13:01:35","slug":"faire-ses-courses","status":"publish","type":"page","link":"https:\/\/www.campinglespeupliers.net\/index.php\/faire-ses-courses\/","title":{"rendered":"Faire ses courses"},"content":{"rendered":"<p style=\"text-align: center;\">Pour faire vos courses pas besoin d&rsquo;aller bien loin !<\/p>\n<p>\u00a0<\/p>\n<h1 style=\"text-align: center;\"><span style=\"color: #0000ff;\">Centre commercial E. Leclerc<\/span><\/h1>\n<p style=\"text-align: center;\">A cinq minutes \u00e0 pied du camping<\/p>\n<p><img loading=\"lazy\" decoding=\"async\" class=\"wp-image-489 aligncenter\" src=\"http:\/\/campinglespeupliers.net\/wp-content\/uploads\/2018\/09\/leclerc-300x169.jpg\" alt=\"\" width=\"718\" height=\"404\" srcset=\"https:\/\/www.campinglespeupliers.net\/wp-content\/uploads\/2018\/09\/leclerc-300x169.jpg 300w, https:\/\/www.campinglespeupliers.net\/wp-content\/uploads\/2018\/09\/leclerc-768x431.jpg 768w, https:\/\/www.campinglespeupliers.net\/wp-content\/uploads\/2018\/09\/leclerc-1024x575.jpg 1024w, https:\/\/www.campinglespeupliers.net\/wp-content\/uploads\/2018\/09\/leclerc.jpg 1812w\" sizes=\"auto, (max-width: 718px) 100vw, 718px\" \/><\/p>\n<p style=\"text-align: center;\"><img loading=\"lazy\" decoding=\"async\" class=\"aligncenter wp-image-1101\" src=\"http:\/\/campinglespeupliers.net\/wp-content\/uploads\/2018\/09\/logo_carburant.jpg\" alt=\"\" width=\"183\" height=\"183\" srcset=\"https:\/\/www.campinglespeupliers.net\/wp-content\/uploads\/2018\/09\/logo_carburant.jpg 2196w, https:\/\/www.campinglespeupliers.net\/wp-content\/uploads\/2018\/09\/logo_carburant-150x150.jpg 150w, https:\/\/www.campinglespeupliers.net\/wp-content\/uploads\/2018\/09\/logo_carburant-300x300.jpg 300w, https:\/\/www.campinglespeupliers.net\/wp-content\/uploads\/2018\/09\/logo_carburant-768x768.jpg 768w, https:\/\/www.campinglespeupliers.net\/wp-content\/uploads\/2018\/09\/logo_carburant-1024x1024.jpg 1024w\" sizes=\"auto, (max-width: 183px) 100vw, 183px\" \/><\/p>\n<p style=\"text-align: center;\">Centre Commercial E.Leclerc \u00e0 5 minutes \u00e0 pied<\/p>\n<p style=\"text-align: center;\">\u00a0<\/p>\n<p style=\"text-align: center;\"><img loading=\"lazy\" decoding=\"async\" class=\"aligncenter wp-image-1095\" src=\"http:\/\/campinglespeupliers.net\/wp-content\/uploads\/2018\/09\/logo_magasin_action.png\" alt=\"\" width=\"100\" height=\"71\" srcset=\"https:\/\/www.campinglespeupliers.net\/wp-content\/uploads\/2018\/09\/logo_magasin_action.png 1024w, https:\/\/www.campinglespeupliers.net\/wp-content\/uploads\/2018\/09\/logo_magasin_action-300x212.png 300w, https:\/\/www.campinglespeupliers.net\/wp-content\/uploads\/2018\/09\/logo_magasin_action-768x542.png 768w\" sizes=\"auto, (max-width: 100px) 100vw, 100px\" \/><\/p>\n<p style=\"text-align: center;\">Dans la galerie marchande du centre commercial E. LECLERC \u00e0 5 minutes \u00e0 pied du camping vous trouverez un magasin de la cha\u00eene \u00ab\u00a0ACTION\u00a0\u00bb avec les prix les plus bas du march\u00e9.<\/p>\n<h6 style=\"text-align: center;\">\u00a0Plus de 6000 produits \u00e0 petits prix<\/h6>\n<p>\u00a0<\/p>\n<p>\u00a0<\/p>\n<p>\u00a0<\/p>\n<p>\u00a0<\/p>\n<h1 style=\"text-align: center;\"><span style=\"color: #0000ff;\">Centre Super U \u00e0 Lod\u00e8ve<\/span><\/h1>\n<p style=\"text-align: center;\">A 5 kilom\u00e8tres du camping\u00a0 &#8211; Pharmacie &#8211; Distributeur de billets<\/p>\n<p style=\"text-align: center;\"><img loading=\"lazy\" decoding=\"async\" class=\"aligncenter wp-image-564\" src=\"http:\/\/campinglespeupliers.net\/wp-content\/uploads\/2018\/09\/super_u-300x97.jpeg\" alt=\"\" width=\"566\" height=\"183\" srcset=\"https:\/\/www.campinglespeupliers.net\/wp-content\/uploads\/2018\/09\/super_u-300x97.jpeg 300w, https:\/\/www.campinglespeupliers.net\/wp-content\/uploads\/2018\/09\/super_u.jpeg 425w\" sizes=\"auto, (max-width: 566px) 100vw, 566px\" \/><\/p>\n\n","protected":false},"excerpt":{"rendered":"<p>Pour faire vos courses pas besoin d&rsquo;aller bien loin ! \u00a0 Centre commercial E. Leclerc A cinq minutes \u00e0 pied du camping Centre Commercial E.Leclerc \u00e0 5 minutes \u00e0 pied \u00a0 Dans la galerie marchande du centre commercial E. LECLERC \u00e0 5 minutes \u00e0 pied du camping vous trouverez un magasin de la cha\u00eene \u00ab\u00a0ACTION\u00a0\u00bb [&hellip;]<\/p>\n","protected":false},"author":1,"featured_media":0,"parent":0,"menu_order":0,"comment_status":"closed","ping_status":"closed","template":"","meta":{"footnotes":""},"class_list":["post-861","page","type-page","status-publish","hentry"],"_links":{"self":[{"href":"https:\/\/www.campinglespeupliers.net\/index.php\/wp-json\/wp\/v2\/pages\/861","targetHints":{"allow":["GET"]}}],"collection":[{"href":"https:\/\/www.campinglespeupliers.net\/index.php\/wp-json\/wp\/v2\/pages"}],"about":[{"href":"https:\/\/www.campinglespeupliers.net\/index.php\/wp-json\/wp\/v2\/types\/page"}],"author":[{"embeddable":true,"href":"https:\/\/www.campinglespeupliers.net\/index.php\/wp-json\/wp\/v2\/users\/1"}],"replies":[{"embeddable":true,"href":"https:\/\/www.campinglespeupliers.net\/index.php\/wp-json\/wp\/v2\/comments?post=861"}],"version-history":[{"count":2,"href":"https:\/\/www.campinglespeupliers.net\/index.php\/wp-json\/wp\/v2\/pages\/861\/revisions"}],"predecessor-version":[{"id":2728,"href":"https:\/\/www.campinglespeupliers.net\/index.php\/wp-json\/wp\/v2\/pages\/861\/revisions\/2728"}],"wp:attachment":[{"href":"https:\/\/www.campinglespeupliers.net\/index.php\/wp-json\/wp\/v2\/media?parent=861"}],"curies":[{"name":"wp","href":"https:\/\/api.w.org\/{rel}","templated":true}]}}