{"id":91,"date":"2018-09-14T12:58:38","date_gmt":"2018-09-14T12:58:38","guid":{"rendered":"https:\/\/hugounenq.com\/wordpress\/?page_id=91"},"modified":"2018-09-14T12:58:38","modified_gmt":"2018-09-14T12:58:38","slug":"le-pont-du-diable","status":"publish","type":"page","link":"https:\/\/www.campinglespeupliers.net\/index.php\/le-pont-du-diable\/","title":{"rendered":"Le pont du Diable"},"content":{"rendered":"<p style=\"text-align: center;\"><iframe loading=\"lazy\" src=\"https:\/\/www.youtube.com\/embed\/iXgmbvutU8Q\" width=\"560\" height=\"315\" frameborder=\"0\" allowfullscreen=\"allowfullscreen\"><\/iframe><\/p>\n<p style=\"text-align: center;\">Ce pont roman est un des plus vieux de France, il surplombe du haut de ses 15 m\u00e8tres, les trous et gouffres du fleuve languedocien <em>\u00ab\u00a0L&rsquo;H\u00e9rault\u00a0\u00bb<\/em>.<\/p>\n<p style=\"text-align: center;\">La l\u00e9gende s\u2019est empar\u00e9e de ce magnifique pont en y associant la volont\u00e9 mal\u00e9fique du Diable en personne qui cesserait de d\u00e9truire de nuit le travail journalier des moines constructeurs, en \u00e9change de la premi\u00e8re \u00e2me qui franchirait le pont. Chose promise, chose due, les B\u00e9n\u00e9dictions baptis\u00e8rent un chien qu\u2019ils engag\u00e8rent sur l\u2019ouvrage, tra\u00eenant une casserole infernale !!! Dup\u00e9 par ce stratag\u00e8me et furieux, le Diable n\u2019avait d\u2019autre issue que celle de se jeter par dessus le Pont qui, depuis, porte son nom !<\/p>\n<div style=\"text-align: center;\"><\/div>\n<div style=\"text-align: center;\"><\/div>\n<div><\/div>\n<div><\/div>\n<div><\/div>\n<div><\/div>\n<div><\/div>\n<div><\/div>\n<div><\/div>\n<div><\/div>\n<div><\/div>\n<div><\/div>\n<div><\/div>\n<div><\/div>\n<div><\/div>\n<div><\/div>\n<div><\/div>\n<div><\/div>\n<div><\/div>\n<div><\/div>\n<div><\/div>\n<div><\/div>\n<div><\/div>\n<div><\/div>\n<div><\/div>\n<div><\/div>\n<div><\/div>\n<div><\/div>\n<div><\/div>\n<div><\/div>\n<div><\/div>\n<div><\/div>\n<div><\/div>\n<div><\/div>\n<div><\/div>\n<div><\/div>\n","protected":false},"excerpt":{"rendered":"<p>Ce pont roman est un des plus vieux de France, il surplombe du haut de ses 15 m\u00e8tres, les trous et gouffres du fleuve languedocien \u00ab\u00a0L&rsquo;H\u00e9rault\u00a0\u00bb. La l\u00e9gende s\u2019est empar\u00e9e de ce magnifique pont en y associant la volont\u00e9 mal\u00e9fique du Diable en personne qui cesserait de d\u00e9truire de nuit le travail journalier des moines [&hellip;]<\/p>\n","protected":false},"author":1,"featured_media":0,"parent":0,"menu_order":0,"comment_status":"closed","ping_status":"open","template":"","meta":{"footnotes":""},"class_list":["post-91","page","type-page","status-publish","hentry"],"_links":{"self":[{"href":"https:\/\/www.campinglespeupliers.net\/index.php\/wp-json\/wp\/v2\/pages\/91","targetHints":{"allow":["GET"]}}],"collection":[{"href":"https:\/\/www.campinglespeupliers.net\/index.php\/wp-json\/wp\/v2\/pages"}],"about":[{"href":"https:\/\/www.campinglespeupliers.net\/index.php\/wp-json\/wp\/v2\/types\/page"}],"author":[{"embeddable":true,"href":"https:\/\/www.campinglespeupliers.net\/index.php\/wp-json\/wp\/v2\/users\/1"}],"replies":[{"embeddable":true,"href":"https:\/\/www.campinglespeupliers.net\/index.php\/wp-json\/wp\/v2\/comments?post=91"}],"version-history":[{"count":0,"href":"https:\/\/www.campinglespeupliers.net\/index.php\/wp-json\/wp\/v2\/pages\/91\/revisions"}],"wp:attachment":[{"href":"https:\/\/www.campinglespeupliers.net\/index.php\/wp-json\/wp\/v2\/media?parent=91"}],"curies":[{"name":"wp","href":"https:\/\/api.w.org\/{rel}","templated":true}]}}