{"id":94,"date":"2018-09-14T12:58:49","date_gmt":"2018-09-14T12:58:49","guid":{"rendered":"https:\/\/hugounenq.com\/wordpress\/?page_id=94"},"modified":"2018-09-14T12:58:49","modified_gmt":"2018-09-14T12:58:49","slug":"la-grotte-de-clamouse","status":"publish","type":"page","link":"https:\/\/www.campinglespeupliers.net\/index.php\/la-grotte-de-clamouse\/","title":{"rendered":"La Grotte de Clamouse"},"content":{"rendered":"<p style=\"text-align: center;\"><iframe loading=\"lazy\" src=\"https:\/\/www.youtube.com\/embed\/34HjC2AOe48\" width=\"560\" height=\"315\" frameborder=\"0\" allowfullscreen=\"allowfullscreen\"><\/iframe><\/p>\n<p style=\"text-align: center;\">A 3 km de Saint- Guilhem\u00a0le-D\u00e9sert : la grotte de Clamouse, une des plus belles du monde, v\u00e9ritable cath\u00e9drale du temps.<\/p>\n<p style=\"text-align: center;\">Une c\u00e9l\u00e8bre cavit\u00e9 vivante que les eaux ne cessent d&#8217;embellir.<\/p>\n<p style=\"text-align: center;\">\n","protected":false},"excerpt":{"rendered":"<p>A 3 km de Saint- Guilhem\u00a0le-D\u00e9sert : la grotte de Clamouse, une des plus belles du monde, v\u00e9ritable cath\u00e9drale du temps. Une c\u00e9l\u00e8bre cavit\u00e9 vivante que les eaux ne cessent d&#8217;embellir.<\/p>\n","protected":false},"author":1,"featured_media":0,"parent":0,"menu_order":0,"comment_status":"closed","ping_status":"open","template":"","meta":{"footnotes":""},"class_list":["post-94","page","type-page","status-publish","hentry"],"_links":{"self":[{"href":"https:\/\/www.campinglespeupliers.net\/index.php\/wp-json\/wp\/v2\/pages\/94","targetHints":{"allow":["GET"]}}],"collection":[{"href":"https:\/\/www.campinglespeupliers.net\/index.php\/wp-json\/wp\/v2\/pages"}],"about":[{"href":"https:\/\/www.campinglespeupliers.net\/index.php\/wp-json\/wp\/v2\/types\/page"}],"author":[{"embeddable":true,"href":"https:\/\/www.campinglespeupliers.net\/index.php\/wp-json\/wp\/v2\/users\/1"}],"replies":[{"embeddable":true,"href":"https:\/\/www.campinglespeupliers.net\/index.php\/wp-json\/wp\/v2\/comments?post=94"}],"version-history":[{"count":0,"href":"https:\/\/www.campinglespeupliers.net\/index.php\/wp-json\/wp\/v2\/pages\/94\/revisions"}],"wp:attachment":[{"href":"https:\/\/www.campinglespeupliers.net\/index.php\/wp-json\/wp\/v2\/media?parent=94"}],"curies":[{"name":"wp","href":"https:\/\/api.w.org\/{rel}","templated":true}]}}